{"id":38,"date":"2012-10-21T07:51:16","date_gmt":"2012-10-21T07:51:16","guid":{"rendered":"http:\/\/kjellgerigen.se\/?page_id=38"},"modified":"2013-04-18T13:14:00","modified_gmt":"2013-04-18T13:14:00","slug":"mer-kjell-eriksson","status":"publish","type":"page","link":"https:\/\/kjellgerigen.se\/?page_id=38","title":{"rendered":"L\u00e4nkar till Kjell"},"content":{"rendered":"<p>Kjell Eriksson har b\u00e5de hemsida, twitter, YouTube och blogg.<br \/>\nVill du komma i kontakt med Kjell Eriksson \u00e4r det bara surfa in p\u00e5 hans hemsida.<\/p>\n<p><a href=\"http:\/\/www.kjelleman.se\">Kjell Erikssons hemsida- kjelleman.se <\/a><br \/>\n<a href=\"http:\/\/www.kjellsblogg.se\">Kjell Erikssons blogg <\/a><br \/>\n<a href=\"http:\/\/www.youtube.com\/user\/tvkjellplay\">Kjell Erikssons YouTubekanal &#8211; tvkjellplay <\/a><br \/>\n<a href=\"http:\/\/www.twitter.com\/kjelleman\">Kjell Eriksson p\u00e5 Twitter @kjelleman <\/a><br \/>\n<a href=\"http:\/\/www.pestellerkolera.se\">V\u00e4lj mellan Pest eller Kolera<\/a><\/p>\n<p style=\"text-align: center;\"><a href=\"https:\/\/itunes.apple.com\/se\/book\/kjell\/id610534964?mt=11\"> <img loading=\"lazy\" class=\"aligncenter\" alt=\"Logotype\" src=\"http:\/\/kjellgerigen.se\/wp-content\/uploads\/2013\/04\/BokenKjell_annons_300x250.jpg\" width=\"250\" height=\"208\" border=\"0\" \/><br \/>\n<\/a><\/p>\n","protected":false},"excerpt":{"rendered":"<p>Kjell Eriksson har b\u00e5de hemsida, twitter, YouTube och blogg. Vill du komma i kontakt med Kjell Eriksson \u00e4r det bara surfa in p\u00e5 hans hemsida. Kjell Erikssons hemsida- kjelleman.se Kjell Erikssons blogg Kjell Erikssons YouTubekanal [&hellip;]<\/p>\n","protected":false},"author":5,"featured_media":0,"parent":12,"menu_order":0,"comment_status":"open","ping_status":"open","template":"","meta":[],"_links":{"self":[{"href":"https:\/\/kjellgerigen.se\/index.php?rest_route=\/wp\/v2\/pages\/38"}],"collection":[{"href":"https:\/\/kjellgerigen.se\/index.php?rest_route=\/wp\/v2\/pages"}],"about":[{"href":"https:\/\/kjellgerigen.se\/index.php?rest_route=\/wp\/v2\/types\/page"}],"author":[{"embeddable":true,"href":"https:\/\/kjellgerigen.se\/index.php?rest_route=\/wp\/v2\/users\/5"}],"replies":[{"embeddable":true,"href":"https:\/\/kjellgerigen.se\/index.php?rest_route=%2Fwp%2Fv2%2Fcomments&post=38"}],"version-history":[{"count":15,"href":"https:\/\/kjellgerigen.se\/index.php?rest_route=\/wp\/v2\/pages\/38\/revisions"}],"predecessor-version":[{"id":160,"href":"https:\/\/kjellgerigen.se\/index.php?rest_route=\/wp\/v2\/pages\/38\/revisions\/160"}],"up":[{"embeddable":true,"href":"https:\/\/kjellgerigen.se\/index.php?rest_route=\/wp\/v2\/pages\/12"}],"wp:attachment":[{"href":"https:\/\/kjellgerigen.se\/index.php?rest_route=%2Fwp%2Fv2%2Fmedia&parent=38"}],"curies":[{"name":"wp","href":"https:\/\/api.w.org\/{rel}","templated":true}]}}