{"id":12,"date":"2012-10-21T00:00:56","date_gmt":"2012-10-21T00:00:56","guid":{"rendered":"http:\/\/kjellgerigen.se\/?page_id=12"},"modified":"2013-04-15T15:03:35","modified_gmt":"2013-04-15T15:03:35","slug":"fakta","status":"publish","type":"page","link":"https:\/\/kjellgerigen.se\/?page_id=12","title":{"rendered":"Fakta"},"content":{"rendered":"<p>&#8220;Kjell ger igen&#8221; har l\u00e4nge varit ett s\u00e4tt f\u00f6r radioprataren och TV-profilen Kjell Eriksson att s\u00e4tta ner foten f\u00f6r den konstiga v\u00e4rlden vi lever i. Programpunkten bygger p\u00e5 att vi m\u00e4nniskor blir arga f\u00f6rst n\u00e4r vi sj\u00e4lva r\u00e5kar ut f\u00f6r det vi egentligen sj\u00e4lva uts\u00e4tter andra f\u00f6r. Det \u00e4r kul att kasta en sn\u00f6boll p\u00e5 n\u00e5gon men inte lika kul n\u00e4r man sj\u00e4lv f\u00e5r en i pannan. Det konstiga \u00e4r att vi dagligen uts\u00e4tts f\u00f6r h\u00f6gst irriterande f\u00f6reteelser men inte g\u00f6r n\u00e5got \u00e5t dem. &#8220;Kjell Ger igen&#8221; s\u00e4tter effekterna av f\u00f6retags och m\u00e4nniskors agerande i fokus. De f\u00e5r sj\u00e4lva en tankest\u00e4llare och vi andra en befrielse. H\u00e4mnden \u00e4r ljuv, hur hemskt det \u00e4n kan l\u00e5ta.<\/p>\n<div id=\"attachment_89\" style=\"width: 211px\" class=\"wp-caption alignleft\"><a href=\"http:\/\/kjellgerigen.se\/wp-content\/uploads\/2012\/10\/Kjell-Eriksson.jpg\"><img aria-describedby=\"caption-attachment-89\" loading=\"lazy\" class=\"size-medium wp-image-89\" title=\"Kjell Eriksson\" alt=\"Kjell Eriksson &quot;Kjelleman&quot;\" src=\"http:\/\/kjellgerigen.se\/wp-content\/uploads\/2012\/10\/Kjell-Eriksson-201x300.jpg\" width=\"201\" height=\"300\" srcset=\"https:\/\/kjellgerigen.se\/wp-content\/uploads\/2012\/10\/Kjell-Eriksson-201x300.jpg 201w, https:\/\/kjellgerigen.se\/wp-content\/uploads\/2012\/10\/Kjell-Eriksson-688x1024.jpg 688w, https:\/\/kjellgerigen.se\/wp-content\/uploads\/2012\/10\/Kjell-Eriksson-210x312.jpg 210w, https:\/\/kjellgerigen.se\/wp-content\/uploads\/2012\/10\/Kjell-Eriksson.jpg 697w\" sizes=\"(max-width: 201px) 100vw, 201px\" \/><\/a><p id=\"caption-attachment-89\" class=\"wp-caption-text\">Kjell Eriksson, Kjell Ger Igen, Kjelleman<\/p><\/div>\n<p><strong>NU F\u00c5R DET VARA NOG!<br \/>\n<\/strong>&#8211; Det hela b\u00f6rjade en vacker dag d\u00e5 jag, vilka jag \u00e4n skulle ringa, hamnade i telefonk\u00f6 eller drabbades av en monoton och k\u00e4nslokall talsvarsmaskin. D\u00e5 best\u00e4mde jag mig f\u00f6r att det fick vara nog och s\u00e5 satte jag andra i telefonk\u00f6. S\u00e5 f\u00f6ddes &#8220;Kjell Ger Igen&#8221;. Det finns ett trettiotal olika h\u00e4mnder, alla i samma anda. Myndigheter och f\u00f6retag av de olika slag har sj\u00e4lva f\u00e5tt smaka p\u00e5 sin egen beska medicin. En dag kanske alla telefonsamtal och videoinspelningar hamnar h\u00e4r p\u00e5 Internet. Och vilken dag som helst s\u00e5 kanske jag sl\u00e5r till igen&#8230;.Kjell ger igen, igen! Och igen&#8230;!<\/p>\n<p><em>fotnot: M\u00e5nga brukar kalla &#8220;Kjell Ger igen&#8221; f\u00f6r &#8220;Kjellan ger igen&#8221;. Det beror p\u00e5 att k\u00f6ren som sj\u00f6ng signaturen beh\u00f6vde l\u00e4gga till ett &#8220;han&#8221; f\u00f6r att det skulle st\u00e4mma med melodin. De sjunger allts\u00e5 &#8220;Kjell HAN ger igen&#8221;. Men att bli kallad f\u00f6r &#8220;Kjellan&#8221; tycker jag k\u00e4nns fantastiskt det ocks\u00e5, \u00e4ven om de flesta brukar kalla mig f\u00f6r &#8220;Kjelleman&#8221;.<\/em><\/p>\n","protected":false},"excerpt":{"rendered":"<p>&#8220;Kjell ger igen&#8221; har l\u00e4nge varit ett s\u00e4tt f\u00f6r radioprataren och TV-profilen Kjell Eriksson att s\u00e4tta ner foten f\u00f6r den konstiga v\u00e4rlden vi lever i. Programpunkten bygger p\u00e5 att vi m\u00e4nniskor blir arga f\u00f6rst n\u00e4r [&hellip;]<\/p>\n","protected":false},"author":5,"featured_media":0,"parent":0,"menu_order":0,"comment_status":"open","ping_status":"open","template":"","meta":[],"_links":{"self":[{"href":"https:\/\/kjellgerigen.se\/index.php?rest_route=\/wp\/v2\/pages\/12"}],"collection":[{"href":"https:\/\/kjellgerigen.se\/index.php?rest_route=\/wp\/v2\/pages"}],"about":[{"href":"https:\/\/kjellgerigen.se\/index.php?rest_route=\/wp\/v2\/types\/page"}],"author":[{"embeddable":true,"href":"https:\/\/kjellgerigen.se\/index.php?rest_route=\/wp\/v2\/users\/5"}],"replies":[{"embeddable":true,"href":"https:\/\/kjellgerigen.se\/index.php?rest_route=%2Fwp%2Fv2%2Fcomments&post=12"}],"version-history":[{"count":24,"href":"https:\/\/kjellgerigen.se\/index.php?rest_route=\/wp\/v2\/pages\/12\/revisions"}],"predecessor-version":[{"id":147,"href":"https:\/\/kjellgerigen.se\/index.php?rest_route=\/wp\/v2\/pages\/12\/revisions\/147"}],"wp:attachment":[{"href":"https:\/\/kjellgerigen.se\/index.php?rest_route=%2Fwp%2Fv2%2Fmedia&parent=12"}],"curies":[{"name":"wp","href":"https:\/\/api.w.org\/{rel}","templated":true}]}}